{"id":24542,"date":"2024-08-28T15:19:56","date_gmt":"2024-08-28T18:19:56","guid":{"rendered":"https:\/\/www.epamig.br\/intranetnet\/?page_id=24542"},"modified":"2024-08-28T15:41:20","modified_gmt":"2024-08-28T18:41:20","slug":"comissao-de-integridade","status":"publish","type":"page","link":"https:\/\/www.epamig.br\/intranet\/comissao-de-integridade\/","title":{"rendered":"Comiss\u00e3o de Integridade"},"content":{"rendered":"\t\t<div data-elementor-type=\"wp-page\" data-elementor-id=\"24542\" class=\"elementor elementor-24542\" data-elementor-settings=\"{&quot;ha_cmc_init_switcher&quot;:&quot;no&quot;}\" data-elementor-post-type=\"page\">\n\t\t\t\t<div data-particle_enable=\"false\" data-particle-mobile-disabled=\"false\" class=\"elementor-element elementor-element-ee4d53c e-flex e-con-boxed e-con e-parent\" data-id=\"ee4d53c\" data-element_type=\"container\" data-e-type=\"container\" data-settings=\"{&quot;jet_parallax_layout_list&quot;:[{&quot;_id&quot;:&quot;f82b3b8&quot;,&quot;jet_parallax_layout_image&quot;:{&quot;url&quot;:&quot;&quot;,&quot;id&quot;:&quot;&quot;,&quot;size&quot;:&quot;&quot;},&quot;jet_parallax_layout_image_tablet&quot;:{&quot;url&quot;:&quot;&quot;,&quot;id&quot;:&quot;&quot;,&quot;size&quot;:&quot;&quot;},&quot;jet_parallax_layout_image_mobile&quot;:{&quot;url&quot;:&quot;&quot;,&quot;id&quot;:&quot;&quot;,&quot;size&quot;:&quot;&quot;},&quot;jet_parallax_layout_speed&quot;:{&quot;unit&quot;:&quot;%&quot;,&quot;size&quot;:50,&quot;sizes&quot;:[]},&quot;jet_parallax_layout_type&quot;:&quot;scroll&quot;,&quot;jet_parallax_layout_direction&quot;:&quot;1&quot;,&quot;jet_parallax_layout_fx_direction&quot;:null,&quot;jet_parallax_layout_z_index&quot;:&quot;&quot;,&quot;jet_parallax_layout_bg_x&quot;:50,&quot;jet_parallax_layout_bg_x_tablet&quot;:&quot;&quot;,&quot;jet_parallax_layout_bg_x_mobile&quot;:&quot;&quot;,&quot;jet_parallax_layout_bg_y&quot;:50,&quot;jet_parallax_layout_bg_y_tablet&quot;:&quot;&quot;,&quot;jet_parallax_layout_bg_y_mobile&quot;:&quot;&quot;,&quot;jet_parallax_layout_bg_size&quot;:&quot;auto&quot;,&quot;jet_parallax_layout_bg_size_tablet&quot;:&quot;&quot;,&quot;jet_parallax_layout_bg_size_mobile&quot;:&quot;&quot;,&quot;jet_parallax_layout_animation_prop&quot;:&quot;transform&quot;,&quot;jet_parallax_layout_on&quot;:[&quot;desktop&quot;,&quot;tablet&quot;]}],&quot;_ha_eqh_enable&quot;:false}\">\n\t\t\t\t\t<div class=\"e-con-inner\">\n\t\t<div data-particle_enable=\"false\" data-particle-mobile-disabled=\"false\" class=\"elementor-element elementor-element-ff12757 e-con-full e-flex e-con e-child\" data-id=\"ff12757\" data-element_type=\"container\" data-e-type=\"container\" data-settings=\"{&quot;jet_parallax_layout_list&quot;:[],&quot;_ha_eqh_enable&quot;:false}\">\n\t\t\t\t<div class=\"elementor-element elementor-element-2baf767 elementor-widget elementor-widget-heading\" data-id=\"2baf767\" data-element_type=\"widget\" data-e-type=\"widget\" data-widget_type=\"heading.default\">\n\t\t\t\t\t\t<\/div>\n\t\t\t\t<div class=\"elementor-element elementor-element-bb4e96d elementor-widget-divider--view-line elementor-widget elementor-widget-divider\" data-id=\"bb4e96d\" data-element_type=\"widget\" data-e-type=\"widget\" data-widget_type=\"divider.default\">\n\t\t\t\t\t\t<div class=\"elementor-widget-container\">\n\t\t\t\t\t\t\t<div class=\"elementor-divider\">\n\t\t\t<span class=\"elementor-divider-separator\">\n\t\t\t\t\t\t<\/span>\n\t\t<\/div>\n\t\t\t\t\t\t<\/div>\n\t\t\t\t<\/div>\n\t\t\t\t<div class=\"elementor-element elementor-element-eab020f elementor-widget elementor-widget-spacer\" data-id=\"eab020f\" data-element_type=\"widget\" data-e-type=\"widget\" data-widget_type=\"spacer.default\">\n\t\t\t\t\t\t<div class=\"elementor-widget-container\">\n\t\t\t\t\t\t\t<div class=\"elementor-spacer\">\n\t\t\t<div class=\"elementor-spacer-inner\"><\/div>\n\t\t<\/div>\n\t\t\t\t\t\t<\/div>\n\t\t\t\t<\/div>\n\t\t\t\t<\/div>\n\t\t<div data-particle_enable=\"false\" data-particle-mobile-disabled=\"false\" class=\"elementor-element elementor-element-b1f3d00 e-con-full e-flex e-con e-child\" data-id=\"b1f3d00\" data-element_type=\"container\" data-e-type=\"container\" data-settings=\"{&quot;jet_parallax_layout_list&quot;:[],&quot;_ha_eqh_enable&quot;:false}\">\n\t\t\t\t<div class=\"elementor-element elementor-element-dc6b5bc elementor-widget elementor-widget-heading\" data-id=\"dc6b5bc\" data-element_type=\"widget\" data-e-type=\"widget\" data-widget_type=\"heading.default\">\n\t\t\t\t\t\t<div class=\"elementor-widget-container\">\n\t\t\t\t\t<h2 class=\"elementor-heading-title elementor-size-default\">Sobre a Comiss\u00e3o de Integridade da EPAMIG<\/h2>\t\t\t\t<\/div>\n\t\t\t\t<\/div>\n\t\t\t\t<div class=\"elementor-element elementor-element-137d463 elementor-widget elementor-widget-text-editor\" data-id=\"137d463\" data-element_type=\"widget\" data-e-type=\"widget\" data-widget_type=\"text-editor.default\">\n\t\t\t\t\t\t<div class=\"elementor-widget-container\">\n\t\t\t\t\t\t\t\t\t<h5>Objetivo:<\/h5><ul><li>Tornar p\u00fablico o &#8220;<a href=\"https:\/\/www.epamig.br\/intranetnet\/wp-content\/uploads\/2024\/07\/codigo-de-conduta-e-integridade.pdf\" target=\"_blank\" rel=\"noopener\">Programa de Integridade da EPAMIG<\/a>&#8220;;<\/li><li>Determinar que o Plano de Integridade, contido no referido Programa, seja executado pelos setores respons\u00e1veis indicados no documento, sob monitoramento da Comiss\u00e3o de Integridade.<\/li><\/ul>\t\t\t\t\t\t\t\t<\/div>\n\t\t\t\t<\/div>\n\t\t\t\t<\/div>\n\t\t<div data-particle_enable=\"false\" data-particle-mobile-disabled=\"false\" class=\"elementor-element elementor-element-70b0910 e-con-full e-flex e-con e-child\" data-id=\"70b0910\" data-element_type=\"container\" data-e-type=\"container\" data-settings=\"{&quot;jet_parallax_layout_list&quot;:[],&quot;_ha_eqh_enable&quot;:false}\">\n\t\t\t\t<div class=\"elementor-element elementor-element-e305faf elementor-widget elementor-widget-heading\" data-id=\"e305faf\" data-element_type=\"widget\" data-e-type=\"widget\" data-widget_type=\"heading.default\">\n\t\t\t\t\t\t<div class=\"elementor-widget-container\">\n\t\t\t\t\t<h2 class=\"elementor-heading-title elementor-size-default\">Integrantes da Comiss\u00e3o de Integridade<\/h2>\t\t\t\t<\/div>\n\t\t\t\t<\/div>\n\t\t\t\t<div class=\"elementor-element elementor-element-1649432 elementor-widget elementor-widget-text-editor\" data-id=\"1649432\" data-element_type=\"widget\" data-e-type=\"widget\" data-widget_type=\"text-editor.default\">\n\t\t\t\t\t\t<div class=\"elementor-widget-container\">\n\t\t\t\t\t\t\t\t\t<ul><li>LUCIANA PEREIRA JUNQUEIRA SIM\u00c3O \u2013 ASGE<\/li><li>ELO\u00c1 CORREA DE SOUZA \u2013 EPAMIG ILCT<\/li><li>FL\u00c1VIO LUIZ MAGELA PEIXOTO \u2013 DVDP\/DPGP<\/li><li>IARA MARQUES DE ALMEIDA &#8211; ASGE<\/li><li>LUCIANO LUIS JACOB \u2013 EPAMIG SUDESTE<\/li><\/ul><div><a href=\"https:\/\/www.epamig.tech\/atos_gestao\/web\/uploads\/K6_aO7Z1dqH4PWJ0m9r6AFJ4MLi_HO2W.pdf\" target=\"_blank\" rel=\"noopener\">Portaria n\u00ba8077, de 01 de Julho de 2024.<\/a><\/div>\t\t\t\t\t\t\t\t<\/div>\n\t\t\t\t<\/div>\n\t\t\t\t<\/div>\n\t\t<div data-particle_enable=\"false\" data-particle-mobile-disabled=\"false\" class=\"elementor-element elementor-element-da68a50 e-con-full e-flex e-con e-child\" data-id=\"da68a50\" data-element_type=\"container\" data-e-type=\"container\" data-settings=\"{&quot;jet_parallax_layout_list&quot;:[],&quot;_ha_eqh_enable&quot;:false}\">\n\t\t\t\t<div class=\"elementor-element elementor-element-2c78663 elementor-widget elementor-widget-heading\" data-id=\"2c78663\" data-element_type=\"widget\" data-e-type=\"widget\" data-widget_type=\"heading.default\">\n\t\t\t\t\t\t<div class=\"elementor-widget-container\">\n\t\t\t\t\t<h2 class=\"elementor-heading-title elementor-size-default\">C\u00f3digo de Conduta e Integridade<\/h2>\t\t\t\t<\/div>\n\t\t\t\t<\/div>\n\t\t\t\t<div class=\"elementor-element elementor-element-3afe3f9 elementor-widget elementor-widget-text-editor\" data-id=\"3afe3f9\" data-element_type=\"widget\" data-e-type=\"widget\" data-widget_type=\"text-editor.default\">\n\t\t\t\t\t\t<div class=\"elementor-widget-container\">\n\t\t\t\t\t\t\t\t\t<p><a href=\"https:\/\/www.epamig.br\/intranetnet\/wp-content\/uploads\/2024\/07\/codigo-de-conduta-e-integridade.pdf\" target=\"_blank\" rel=\"noopener\">Informa\u00e7\u00f5es sobre o C\u00f3digo de Conduta e Integridade da EPAMIG.<\/a><\/p>\t\t\t\t\t\t\t\t<\/div>\n\t\t\t\t<\/div>\n\t\t\t\t<\/div>\n\t\t\t\t\t<\/div>\n\t\t\t\t<\/div>\n\t\t\t\t<\/div>\n\t\t","protected":false},"excerpt":{"rendered":"<p>Sobre a Comiss\u00e3o de Integridade da EPAMIG Objetivo: Tornar p\u00fablico o &#8220;Programa de Integridade da EPAMIG&#8220;; Determinar que o Plano de Integridade, contido no referido Programa, seja executado pelos setores respons\u00e1veis indicados no documento, sob monitoramento da Comiss\u00e3o de Integridade. Integrantes da Comiss\u00e3o de Integridade LUCIANA PEREIRA JUNQUEIRA SIM\u00c3O \u2013 ASGE ELO\u00c1 CORREA DE SOUZA [&hellip;]<\/p>\n","protected":false},"author":1,"featured_media":0,"parent":0,"menu_order":0,"comment_status":"closed","ping_status":"closed","template":"elementor_header_footer","meta":{"_crdt_document":"","footnotes":""},"class_list":["post-24542","page","type-page","status-publish","hentry"],"_links":{"self":[{"href":"https:\/\/www.epamig.br\/intranet\/wp-json\/wp\/v2\/pages\/24542","targetHints":{"allow":["GET"]}}],"collection":[{"href":"https:\/\/www.epamig.br\/intranet\/wp-json\/wp\/v2\/pages"}],"about":[{"href":"https:\/\/www.epamig.br\/intranet\/wp-json\/wp\/v2\/types\/page"}],"author":[{"embeddable":true,"href":"https:\/\/www.epamig.br\/intranet\/wp-json\/wp\/v2\/users\/1"}],"replies":[{"embeddable":true,"href":"https:\/\/www.epamig.br\/intranet\/wp-json\/wp\/v2\/comments?post=24542"}],"version-history":[{"count":0,"href":"https:\/\/www.epamig.br\/intranet\/wp-json\/wp\/v2\/pages\/24542\/revisions"}],"wp:attachment":[{"href":"https:\/\/www.epamig.br\/intranet\/wp-json\/wp\/v2\/media?parent=24542"}],"curies":[{"name":"wp","href":"https:\/\/api.w.org\/{rel}","templated":true}]}}